{"id":65,"date":"2025-11-10T10:07:47","date_gmt":"2025-11-10T09:07:47","guid":{"rendered":"https:\/\/cstpage.jakehomelab.xyz\/?page_id=65"},"modified":"2025-11-11T09:49:21","modified_gmt":"2025-11-11T08:49:21","slug":"riaszto","status":"publish","type":"page","link":"https:\/\/cstpage.jakehomelab.xyz\/index.php\/peregrine\/riaszto\/","title":{"rendered":"iaszt\u00f3"},"content":{"rendered":"<header class=\"wp-block-template-part\">\n<div class=\"wp-block-group is-vertical is-content-justification-center is-nowrap is-layout-flex wp-container-core-group-is-layout-fd6135c9 wp-block-group-is-layout-flex\" style=\"margin-top:0;margin-bottom:0\">\n<div class=\"wp-block-group alignfull navbar container has-transparent-100-background-color has-background is-vertical is-content-justification-center is-nowrap is-layout-flex wp-container-core-group-is-layout-261487a9 wp-block-group-is-layout-flex\" style=\"padding-top:6px;padding-bottom:6px\">\n<div class=\"wp-block-group row-navbar has-text-primary-color has-text-color has-link-color wp-elements-3518f2a150112c851519bb8d281172e9 is-content-justification-space-between is-nowrap is-layout-flex wp-container-core-group-is-layout-7326d600 wp-block-group-is-layout-flex\" style=\"margin-top:0;margin-bottom:0;padding-top:0;padding-right:0;padding-bottom:0;padding-left:0\"><h1 class=\"has-link-color wp-elements-90549e4611a0ccf8508125019122ef56 wp-block-site-title has-text-color has-text-primary-color\"><a href=\"https:\/\/cstpage.jakehomelab.xyz\" target=\"_self\" rel=\"home\">Csaba Talk Kft<\/a><\/h1>\n\n\n<p class=\"has-large-font-size\"><strong>Gyenge\u00e1ram az er\u0151ss\u00e9g\u00fcnk!<\/strong><\/p>\n\n\n\n<div class=\"wp-block-buttons is-layout-flex wp-block-buttons-is-layout-flex\">\n<div class=\"wp-block-button button-contact-us button-primary\"><a class=\"wp-block-button__link has-black-color has-white-background-color has-text-color has-background has-link-color has-custom-font-size wp-element-button\" href=\"https:\/\/cstpage.jakehomelab.xyz\/index.php\/hibabejelentes-2\/\" style=\"border-style:none;border-width:0px;border-radius:10px;padding-top:16px;padding-right:10px;padding-bottom:16px;padding-left:10px;font-size:16px;font-style:normal;font-weight:700\">Hibabejelent\u00e9s<\/a><\/div>\n<\/div>\n<\/div>\n\n\n\n<div class=\"wp-block-group alignfull row-navbar has-transparent-100-background-color has-background has-large-font-size is-vertical is-content-justification-center is-nowrap is-layout-flex wp-container-core-group-is-layout-d4e733a7 wp-block-group-is-layout-flex\" style=\"margin-top:var(--wp--preset--spacing--30);padding-top:10px;padding-bottom:10px\"><nav style=\"font-size:24px;\" class=\"has-text-color has-text-primary-color is-responsive items-justified-center no-wrap wp-block-navigation is-content-justification-center is-nowrap is-layout-flex wp-container-core-navigation-is-layout-81962dbb wp-block-navigation-is-layout-flex\" aria-label=\"Header menu\" \n\t\t data-wp-interactive=\"core\/navigation\" data-wp-context='{\"overlayOpenedBy\":{\"click\":false,\"hover\":false,\"focus\":false},\"type\":\"overlay\",\"roleAttribute\":\"\",\"ariaLabel\":\"Menu\"}'><button aria-haspopup=\"dialog\" aria-label=\"Open menu\" class=\"wp-block-navigation__responsive-container-open\" \n\t\t\t\tdata-wp-on--click=\"actions.openMenuOnClick\"\n\t\t\t\tdata-wp-on--keydown=\"actions.handleMenuKeydown\"\n\t\t\t><svg width=\"24\" height=\"24\" xmlns=\"http:\/\/www.w3.org\/2000\/svg\" viewBox=\"0 0 24 24\" aria-hidden=\"true\" focusable=\"false\"><path d=\"M4 7.5h16v1.5H4z\"><\/path><path d=\"M4 15h16v1.5H4z\"><\/path><\/svg><\/button>\n\t\t\t\t<div class=\"wp-block-navigation__responsive-container\"  id=\"modal-1\" \n\t\t\t\tdata-wp-class--has-modal-open=\"state.isMenuOpen\"\n\t\t\t\tdata-wp-class--is-menu-open=\"state.isMenuOpen\"\n\t\t\t\tdata-wp-watch=\"callbacks.initMenu\"\n\t\t\t\tdata-wp-on--keydown=\"actions.handleMenuKeydown\"\n\t\t\t\tdata-wp-on--focusout=\"actions.handleMenuFocusout\"\n\t\t\t\ttabindex=\"-1\"\n\t\t\t>\n\t\t\t\t\t<div class=\"wp-block-navigation__responsive-close\" tabindex=\"-1\">\n\t\t\t\t\t\t<div class=\"wp-block-navigation__responsive-dialog\" \n\t\t\t\tdata-wp-bind--aria-modal=\"state.ariaModal\"\n\t\t\t\tdata-wp-bind--aria-label=\"state.ariaLabel\"\n\t\t\t\tdata-wp-bind--role=\"state.roleAttribute\"\n\t\t\t>\n\t\t\t\t\t\t\t<button aria-label=\"Close menu\" class=\"wp-block-navigation__responsive-container-close\" \n\t\t\t\tdata-wp-on--click=\"actions.closeMenuOnClick\"\n\t\t\t><svg xmlns=\"http:\/\/www.w3.org\/2000\/svg\" viewBox=\"0 0 24 24\" width=\"24\" height=\"24\" aria-hidden=\"true\" focusable=\"false\"><path d=\"m13.06 12 6.47-6.47-1.06-1.06L12 10.94 5.53 4.47 4.47 5.53 10.94 12l-6.47 6.47 1.06 1.06L12 13.06l6.47 6.47 1.06-1.06L13.06 12Z\"><\/path><\/svg><\/button>\n\t\t\t\t\t\t\t<div class=\"wp-block-navigation__responsive-container-content\" \n\t\t\t\tdata-wp-watch=\"callbacks.focusFirstElement\"\n\t\t\t id=\"modal-1-content\">\n\t\t\t\t\t\t\t\t<ul style=\"font-size:24px;\" class=\"wp-block-navigation__container has-text-color has-text-primary-color is-responsive items-justified-center no-wrap wp-block-navigation\"><li style=\"font-size: 24px;\" class=\" wp-block-navigation-item wp-block-navigation-link\"><a class=\"wp-block-navigation-item__content\"  href=\"#\"><span class=\"wp-block-navigation-item__label\"><strong>F\u0151oldal<\/strong><\/span><\/a><\/li><li style=\"font-size: 24px;\" class=\" wp-block-navigation-item wp-block-navigation-link\"><a class=\"wp-block-navigation-item__content\"  href=\"https:\/\/cstpage.jakehomelab.xyz\/index.php\/peregrine\/tuzjelzo\/\"><span class=\"wp-block-navigation-item__label\"><strong>T\u0171zjelz\u0151<\/strong><\/span><\/a><\/li><li style=\"font-size: 24px;\" class=\" wp-block-navigation-item wp-block-navigation-link\"><a class=\"wp-block-navigation-item__content\"  href=\"https:\/\/cstpage.jakehomelab.xyz\/index.php\/kamera\/\"><span class=\"wp-block-navigation-item__label\"><strong>Kamera<\/strong><\/span><\/a><\/li><li style=\"font-size: 24px;\" class=\" wp-block-navigation-item wp-block-navigation-link\"><a class=\"wp-block-navigation-item__content\"  href=\"https:\/\/cstpage.jakehomelab.xyz\/index.php\/riaszto\/\"><span class=\"wp-block-navigation-item__label\"><strong>Riaszt\u00f3<\/strong><\/span><\/a><\/li><li style=\"font-size: 24px;\" class=\" wp-block-navigation-item wp-block-navigation-link\"><a class=\"wp-block-navigation-item__content\"  href=\"https:\/\/cstpage.jakehomelab.xyz\/index.php\/informatika\/\"><span class=\"wp-block-navigation-item__label\"><strong>Informatika<\/strong><\/span><\/a><\/li><li style=\"font-size: 24px;\" class=\" wp-block-navigation-item wp-block-navigation-link\"><a class=\"wp-block-navigation-item__content\"  href=\"https:\/\/cstpage.jakehomelab.xyz\/index.php\/okosotthon\/\"><span class=\"wp-block-navigation-item__label\"><strong>Okosotthon<\/strong><\/span><\/a><\/li><li style=\"font-size: 24px;\" class=\" wp-block-navigation-item wp-block-navigation-link\"><a class=\"wp-block-navigation-item__content\"  href=\"https:\/\/cstpage.jakehomelab.xyz\/index.php\/beleptetes\/\"><span class=\"wp-block-navigation-item__label\"><strong>Bel\u00e9ptet\u00e9s<\/strong><\/span><\/a><\/li><li style=\"font-size: 24px;\" class=\" wp-block-navigation-item wp-block-navigation-link\"><a class=\"wp-block-navigation-item__content\"  href=\"https:\/\/cstpage.jakehomelab.xyz\/index.php\/hangositas\/\"><span class=\"wp-block-navigation-item__label\"><strong>Hangos\u00edt\u00e1s<\/strong><\/span><\/a><\/li><\/ul>\n\t\t\t\t\t\t\t<\/div>\n\t\t\t\t\t\t<\/div>\n\t\t\t\t\t<\/div>\n\t\t\t\t<\/div><\/nav><\/div>\n<\/div>\n<\/div>\n<\/header>\n\n\n<figure class=\"wp-block-gallery has-nested-images columns-default is-cropped wp-block-gallery-3 is-layout-flex wp-block-gallery-is-layout-flex\"><\/figure>\n\n\n\n\n\n<blockquote class=\"wp-block-quote is-layout-flow wp-block-quote-is-layout-flow\">\n<p><\/p>\n<\/blockquote>\n\n\n\n<div class=\"wp-block-group is-nowrap is-layout-flex wp-container-core-group-is-layout-6c531013 wp-block-group-is-layout-flex\">\n\n\n<p><\/p>\n<\/div>\n\n\n\n<div class=\"wp-block-group has-global-padding is-layout-constrained wp-block-group-is-layout-constrained\"><\/div>\n","protected":false},"excerpt":{"rendered":"","protected":false},"author":1,"featured_media":0,"parent":6,"menu_order":0,"comment_status":"closed","ping_status":"closed","template":"fdfd","meta":{"footnotes":""},"class_list":["post-65","page","type-page","status-publish","hentry"],"_links":{"self":[{"href":"https:\/\/cstpage.jakehomelab.xyz\/index.php\/wp-json\/wp\/v2\/pages\/65","targetHints":{"allow":["GET"]}}],"collection":[{"href":"https:\/\/cstpage.jakehomelab.xyz\/index.php\/wp-json\/wp\/v2\/pages"}],"about":[{"href":"https:\/\/cstpage.jakehomelab.xyz\/index.php\/wp-json\/wp\/v2\/types\/page"}],"author":[{"embeddable":true,"href":"https:\/\/cstpage.jakehomelab.xyz\/index.php\/wp-json\/wp\/v2\/users\/1"}],"replies":[{"embeddable":true,"href":"https:\/\/cstpage.jakehomelab.xyz\/index.php\/wp-json\/wp\/v2\/comments?post=65"}],"version-history":[{"count":0,"href":"https:\/\/cstpage.jakehomelab.xyz\/index.php\/wp-json\/wp\/v2\/pages\/65\/revisions"}],"up":[{"embeddable":true,"href":"https:\/\/cstpage.jakehomelab.xyz\/index.php\/wp-json\/wp\/v2\/pages\/6"}],"wp:attachment":[{"href":"https:\/\/cstpage.jakehomelab.xyz\/index.php\/wp-json\/wp\/v2\/media?parent=65"}],"curies":[{"name":"wp","href":"https:\/\/api.w.org\/{rel}","templated":true}]}}